{"id":14785,"date":"2014-12-17T09:20:27","date_gmt":"2014-12-17T09:20:27","guid":{"rendered":"https:\/\/the7.io\/news\/?page_id=14784"},"modified":"2020-11-07T12:09:27","modified_gmt":"2020-11-07T12:09:27","slug":"tecnologia","status":"publish","type":"page","link":"https:\/\/publiaqp.com\/index.php\/tecnologia\/","title":{"rendered":"Tecnolog\u00eda"},"content":{"rendered":"<div class=\"wpb-content-wrapper\">\t\t<div data-elementor-type=\"wp-page\" data-elementor-id=\"14785\" class=\"elementor elementor-14785\">\n\t\t\t\t\t\t<section class=\"elementor-section elementor-top-section elementor-element elementor-element-501e83c6 elementor-section-boxed elementor-section-height-default elementor-section-height-default\" data-id=\"501e83c6\" data-element_type=\"section\" data-e-type=\"section\">\n\t\t\t\t\t\t<div class=\"elementor-container elementor-column-gap-default\">\n\t\t\t\t\t<div class=\"elementor-column elementor-col-100 elementor-top-column elementor-element elementor-element-1580cf0b\" data-id=\"1580cf0b\" data-element_type=\"column\" data-e-type=\"column\">\n\t\t\t<div class=\"elementor-widget-wrap elementor-element-populated\">\n\t\t\t\t\t\t<div class=\"elementor-element elementor-element-685bd51a elementor-widget elementor-widget-text-editor\" data-id=\"685bd51a\" data-element_type=\"widget\" data-e-type=\"widget\" data-widget_type=\"text-editor.default\">\n\t\t\t\t<div class=\"elementor-widget-container\">\n\t\t\t\t\t\t\t\t\t[vc_row type=\u00bbvc_default\u00bb][vc_column]<style type=\"text\/css\" data-type=\"the7_shortcodes-inline-css\">.blog-shortcode.blog-list-shortcode-id-d087ac1c2d12b8dde520a66b62db342c.bottom-overlap-layout-list .post-entry-content {\n  margin-top: -150px;\n  width: 70%;\n}\n.blog-shortcode.blog-list-shortcode-id-d087ac1c2d12b8dde520a66b62db342c.bottom-overlap-layout-list:not(.mode-list) .no-img .post-entry-content {\n  margin-top: 0;\n  width: 100%;\n}\n.blog-shortcode.blog-list-shortcode-id-d087ac1c2d12b8dde520a66b62db342c.bottom-overlap-layout-list.mode-list .no-img .post-entry-content {\n  margin-top: 0;\n}\n.blog-shortcode.blog-list-shortcode-id-d087ac1c2d12b8dde520a66b62db342c .paginator {\n  margin-top: 20px;\n}\n.blog-shortcode.blog-list-shortcode-id-d087ac1c2d12b8dde520a66b62db342c .filter-bg-decoration .filter-categories a.act {\n  color: #fff;\n}\n.blog-shortcode.blog-list-shortcode-id-d087ac1c2d12b8dde520a66b62db342c:not(.mode-masonry) article {\n  margin-top: 30px;\n}\n.blog-shortcode.blog-list-shortcode-id-d087ac1c2d12b8dde520a66b62db342c:not(.mode-masonry) article:first-of-type,\n.blog-shortcode.blog-list-shortcode-id-d087ac1c2d12b8dde520a66b62db342c:not(.mode-masonry) article.visible.first:not(.product) {\n  margin-top: 0;\n}\n.blog-shortcode.blog-list-shortcode-id-d087ac1c2d12b8dde520a66b62db342c.dividers-on:not(.mode-masonry) article {\n  margin-top: 0;\n  padding-top: 30px;\n}\n.blog-shortcode.blog-list-shortcode-id-d087ac1c2d12b8dde520a66b62db342c.dividers-on:not(.mode-masonry) article:first-of-type,\n.blog-shortcode.blog-list-shortcode-id-d087ac1c2d12b8dde520a66b62db342c.dividers-on:not(.mode-masonry) article.visible.first:not(.product) {\n  margin-top: 0;\n  padding-top: 0;\n}\n.blog-shortcode.blog-list-shortcode-id-d087ac1c2d12b8dde520a66b62db342c .post-thumbnail-wrap {\n  padding: 0px 0px 0px 0px;\n}\n.blog-shortcode.blog-list-shortcode-id-d087ac1c2d12b8dde520a66b62db342c.enable-bg-rollover .post-thumbnail-rollover:after {\n  background: -webkit-linear-gradient();\n  background: linear-gradient();\n}\n.blog-shortcode.blog-list-shortcode-id-d087ac1c2d12b8dde520a66b62db342c .gallery-zoom-ico {\n  width: 44px;\n  height: 44px;\n  line-height: 44px;\n  border-radius: 100px;\n  margin: -22px 0 0 -22px;\n  border-width: 0px;\n  color: #ffffff;\n}\n.bottom-overlap-layout-list.blog-shortcode.blog-list-shortcode-id-d087ac1c2d12b8dde520a66b62db342c .gallery-zoom-ico {\n  margin-top: -97px;\n}\n.gradient-overlay-layout-list.blog-shortcode.blog-list-shortcode-id-d087ac1c2d12b8dde520a66b62db342c .gallery-zoom-ico,\n.content-rollover-layout-list.blog-shortcode.blog-list-shortcode-id-d087ac1c2d12b8dde520a66b62db342c .gallery-zoom-ico {\n  margin: 0 0 10px;\n}\n.content-align-center.gradient-overlay-layout-list.blog-shortcode.blog-list-shortcode-id-d087ac1c2d12b8dde520a66b62db342c .gallery-zoom-ico,\n.content-align-center.content-rollover-layout-list.blog-shortcode.blog-list-shortcode-id-d087ac1c2d12b8dde520a66b62db342c .gallery-zoom-ico {\n  margin: 0 auto 10px;\n}\n.dt-icon-bg-on.blog-shortcode.blog-list-shortcode-id-d087ac1c2d12b8dde520a66b62db342c .gallery-zoom-ico {\n  background: rgba(255,255,255,0.3);\n  box-shadow: none;\n}\n.blog-shortcode.blog-list-shortcode-id-d087ac1c2d12b8dde520a66b62db342c .gallery-zoom-ico > span,\n.blog-shortcode.blog-list-shortcode-id-d087ac1c2d12b8dde520a66b62db342c .gallery-zoom-ico:before {\n  font-size: 32px;\n  line-height: 44px;\n}\n.blog-shortcode.blog-list-shortcode-id-d087ac1c2d12b8dde520a66b62db342c .gallery-zoom-ico > span,\n.blog-shortcode.blog-list-shortcode-id-d087ac1c2d12b8dde520a66b62db342c .gallery-zoom-ico:before {\n  color: #ffffff;\n}\n.blog-shortcode.blog-list-shortcode-id-d087ac1c2d12b8dde520a66b62db342c .fancy-date a {\n  background: #ffffff;\n  box-shadow: none;\n}\n.blog-shortcode.blog-list-shortcode-id-d087ac1c2d12b8dde520a66b62db342c .fancy-date a * {\n  color: #2d2d2d;\n}\n.blog-shortcode.blog-list-shortcode-id-d087ac1c2d12b8dde520a66b62db342c .entry-title,\n.blog-shortcode.blog-list-shortcode-id-d087ac1c2d12b8dde520a66b62db342c.owl-carousel .entry-title {\n  margin-bottom: 5px;\n  font-weight: bold;\n}\n.blog-shortcode.blog-list-shortcode-id-d087ac1c2d12b8dde520a66b62db342c .entry-meta {\n  margin-bottom: 15px;\n}\n.blog-shortcode.blog-list-shortcode-id-d087ac1c2d12b8dde520a66b62db342c .portfolio-categories {\n  margin-bottom: 15px;\n}\n.blog-shortcode.blog-list-shortcode-id-d087ac1c2d12b8dde520a66b62db342c .entry-excerpt {\n  margin-bottom: 5px;\n}\n.blog-shortcode.blog-list-shortcode-id-d087ac1c2d12b8dde520a66b62db342c:not(.centered-layout-list) .post-entry-content {\n  padding: 25px 30px 30px 30px;\n}\n.blog-shortcode.blog-list-shortcode-id-d087ac1c2d12b8dde520a66b62db342c:not(.centered-layout-list):not(.content-bg-on):not(.mode-list) .no-img .post-entry-content {\n  padding: 0;\n}\n.blog-shortcode.blog-list-shortcode-id-d087ac1c2d12b8dde520a66b62db342c.content-bg-on:not(.classic-layout-list):not(.centered-layout-list) .post-entry-content {\n  background: #ffffff;\n  box-shadow: none;\n}\n@media screen and (max-width: 768px) {\n  .blog-shortcode.blog-list-shortcode-id-d087ac1c2d12b8dde520a66b62db342c article {\n    -ms-flex-flow: column nowrap;\n    flex-flow: column nowrap;\n    margin-top: 20px;\n  }\n  .blog-shortcode.blog-list-shortcode-id-d087ac1c2d12b8dde520a66b62db342c.dividers-on article {\n    border: none;\n  }\n  .blog-shortcode.blog-list-shortcode-id-d087ac1c2d12b8dde520a66b62db342c.content-bg-on.centered-layout-list article {\n    padding: 0;\n  }\n  .blog-shortcode.blog-list-shortcode-id-d087ac1c2d12b8dde520a66b62db342c.blog-shortcode.dividers-on article,\n  .blog-shortcode.blog-list-shortcode-id-d087ac1c2d12b8dde520a66b62db342c.dividers-on.classic-layout-list article {\n    margin-top: 20px;\n    padding: 0;\n  }\n  .blog-shortcode.blog-list-shortcode-id-d087ac1c2d12b8dde520a66b62db342c.blog-shortcode.dividers-on article:first-of-type,\n  .blog-shortcode.blog-list-shortcode-id-d087ac1c2d12b8dde520a66b62db342c.dividers-on.classic-layout-list article:first-of-type {\n    padding: 0;\n  }\n  #page .blog-shortcode.blog-list-shortcode-id-d087ac1c2d12b8dde520a66b62db342c .post-thumbnail-wrap,\n  #page .blog-shortcode.blog-list-shortcode-id-d087ac1c2d12b8dde520a66b62db342c .post-entry-content {\n    width: 100%;\n    margin: 0;\n    top: 0;\n  }\n  #page .blog-shortcode.blog-list-shortcode-id-d087ac1c2d12b8dde520a66b62db342c .post-thumbnail-wrap {\n    padding: 0;\n  }\n  #page .blog-shortcode.blog-list-shortcode-id-d087ac1c2d12b8dde520a66b62db342c .post-entry-content:after {\n    display: none;\n  }\n  #page .blog-shortcode.blog-list-shortcode-id-d087ac1c2d12b8dde520a66b62db342c .project-even .post-thumbnail-wrap,\n  #page .blog-shortcode.blog-list-shortcode-id-d087ac1c2d12b8dde520a66b62db342c.centered-layout-list .post-thumbnail-wrap {\n    -ms-flex-order: 0;\n    order: 0;\n  }\n  #page .blog-shortcode.blog-list-shortcode-id-d087ac1c2d12b8dde520a66b62db342c.centered-layout-list .post-entry-title-content {\n    -ms-flex-order: 1;\n    order: 1;\n    width: 100%;\n    padding: 20px 20px 0;\n  }\n  #page .blog-shortcode.blog-list-shortcode-id-d087ac1c2d12b8dde520a66b62db342c.centered-layout-list .post-entry-content {\n    -ms-flex-order: 2;\n    order: 2;\n    padding-top: 0;\n  }\n  #page .blog-shortcode.blog-list-shortcode-id-d087ac1c2d12b8dde520a66b62db342c .fancy-categories {\n    top: 10px;\n    left: 10px;\n    bottom: auto;\n    right: auto;\n  }\n  #page .blog-shortcode.blog-list-shortcode-id-d087ac1c2d12b8dde520a66b62db342c .fancy-date a {\n    top: 10px;\n    right: 10px;\n    left: auto;\n    bottom: auto;\n  }\n  #page .blog-shortcode.blog-list-shortcode-id-d087ac1c2d12b8dde520a66b62db342c .post-entry-content {\n    padding: 20px;\n  }\n  #page .blog-shortcode.blog-list-shortcode-id-d087ac1c2d12b8dde520a66b62db342c .entry-title {\n    margin: 3px 0 5px;\n    font-size: 20px;\n    line-height: 26px;\n  }\n  #page .blog-shortcode.blog-list-shortcode-id-d087ac1c2d12b8dde520a66b62db342c .entry-meta {\n    margin: 5px 0 5px;\n  }\n  #page .blog-shortcode.blog-list-shortcode-id-d087ac1c2d12b8dde520a66b62db342c .entry-excerpt {\n    margin: 15px 0 0;\n  }\n  #page .blog-shortcode.blog-list-shortcode-id-d087ac1c2d12b8dde520a66b62db342c .post-details {\n    margin: 5px 0 10px;\n  }\n  #page .blog-shortcode.blog-list-shortcode-id-d087ac1c2d12b8dde520a66b62db342c .post-details.details-type-link {\n    margin-bottom: 2px;\n  }\n}<\/style><div class=\"articles-list blog-shortcode mode-list blog-list-shortcode-id-d087ac1c2d12b8dde520a66b62db342c bottom-overlap-layout-list content-bg-on jquery-filter scale-img dt-icon-bg-off circle-fancy-style loading-effect-fade-in\" data-cur-page=\"1\" data-post-limit=\"8\" data-pagination-mode=\"pages\" aria-live=\"assertive\"><article class=\"post project-odd visible post-15323 type-post status-publish format-standard has-post-thumbnail hentry category-noticias-varios category-tecnologia-1 category-30 category-26 description-off\" data-name=\"10 IDEAS PARA INCREMENTAR LA INTERACCION DE SUS FANS EN FACEBOOK\" data-date=\"2020-06-19T17:16:28+00:00\">\n\n<div class=\"post-thumbnail-wrap\">\n\t<div class=\"post-thumbnail\">\n\n\t\t\n\t\t<span class=\"fancy-categories\"><a href=\"https:\/\/publiaqp.com\/index.php\/category\/noticias-varios\/\" rel=\"category tag\" style=\"background-color:#;color:#;\">Noticias Varios<\/a><a href=\"https:\/\/publiaqp.com\/index.php\/category\/tecnologia-1\/\" rel=\"category tag\" style=\"background-color:#;color:#;\">Tecnologia<\/a><\/span>\n\t\t<a href=\"https:\/\/publiaqp.com\/index.php\/2020\/06\/19\/10-ideas-para-incrementar-la-interaccion-de-sus-fans-en-facebook\/\" class=\"post-thumbnail-rollover layzr-bg layzr-bg\" ><img fetchpriority=\"high\" decoding=\"async\" class=\"blog-thumb-lazy-load preload-me lazy-load aspect\" src=\"data:image\/svg+xml,%3Csvg%20xmlns%3D&#39;http%3A%2F%2Fwww.w3.org%2F2000%2Fsvg&#39;%20viewBox%3D&#39;0%200%20859%20429&#39;%2F%3E\" data-src=\"https:\/\/publiaqp.com\/wp-content\/uploads\/2020\/06\/img-central-1-summer-859x429.jpg\" data-srcset=\"https:\/\/publiaqp.com\/wp-content\/uploads\/2020\/06\/img-central-1-summer-859x429.jpg 859w, https:\/\/publiaqp.com\/wp-content\/uploads\/2020\/06\/img-central-1-summer-924x461.jpg 924w\" loading=\"eager\" style=\"--ratio: 859 \/ 429\" sizes=\"(max-width: 859px) 100vw, 859px\" alt=\"\" title=\"img-central-1-summer\" width=\"859\" height=\"429\"  \/><\/a>\n\t<\/div>\n<\/div>\n\n\n<div class=\"post-entry-content\">\n\n\t<h3 class=\"entry-title\">\n\t\t<a href=\"https:\/\/publiaqp.com\/index.php\/2020\/06\/19\/10-ideas-para-incrementar-la-interaccion-de-sus-fans-en-facebook\/\" title=\"10 IDEAS PARA INCREMENTAR LA INTERACCION DE SUS FANS EN FACEBOOK\" rel=\"bookmark\">10 IDEAS PARA INCREMENTAR LA INTERACCION DE SUS FANS EN FACEBOOK<\/a>\n\t<\/h3>\n\n\t<div class=\"entry-meta\"><span class=\"category-link\"><a href=\"https:\/\/publiaqp.com\/index.php\/category\/noticias-varios\/\" >Noticias Varios<\/a>, <a href=\"https:\/\/publiaqp.com\/index.php\/category\/tecnologia-1\/\" >Tecnologia<\/a><\/span><a class=\"author vcard\" href=\"https:\/\/publiaqp.com\/index.php\/author\/admin\/\" title=\"Ver todas las publicaciones de publiaqp\" rel=\"author\">Por <span class=\"fn\">publiaqp<\/span><\/a><a href=\"https:\/\/publiaqp.com\/index.php\/2020\/06\/19\/\" title=\"17:16\" class=\"data-link\" rel=\"bookmark\"><time class=\"entry-date updated\" datetime=\"2020-06-19T17:16:28+00:00\">junio 19, 2020<\/time><\/a><\/div>\n\t<div class=\"entry-excerpt\"><p>[vc_row css=\u00bb.vc_custom_1541496802819{margin-top: 50px !important;margin-bottom: 50px !important;}\u00bb][vc_column][vc_custom_heading text=\u00bb10 ideas para incrementar la interacci\u00f3n de sus fans en FACEBOOK\u00bb font_container=\u00bbtag:h2|font_size:25|text_align:center|color:%23000000&#8243; use_theme_fonts=\u00bbyes\u00bb bbsm_scene=\u00bbread-more-3,hmh-show-up\u00bb bb_sm_mode=\u00bbyes\u00bb css=\u00bb.vc_custom_1592570164929{background-color: #1e73be !important;border-radius: 5px !important;}\u00bb][vc_empty_space][vc_column_text]Para que Facebook arroje sus frutos, es necesario que los fans de su p\u00e1gina est\u00e9n permanentemente recibiendo noticias suyas y se involucren con el contenido. El problema es que debido&hellip;<\/p>\n<\/div>\n\t\n<a href=\"https:\/\/publiaqp.com\/index.php\/2020\/06\/19\/10-ideas-para-incrementar-la-interaccion-de-sus-fans-en-facebook\/\" class=\"post-details details-type-link\" aria-label=\"Read more about 10 IDEAS PARA INCREMENTAR LA INTERACCION DE SUS FANS EN FACEBOOK\">Read more<i class=\"dt-icon-the7-arrow-03\" aria-hidden=\"true\"><\/i><\/a>\n\n<\/div><\/article><article class=\"post project-odd visible post-15203 type-post status-publish format-standard has-post-thumbnail hentry category-noticias-varios category-tecnologia-1 category-30 category-26 description-off\" data-name=\"11 Tipos de bicicleta que podr\u00edan sustituir al autom\u00f3vil\" data-date=\"2020-05-18T06:00:56+00:00\">\n\n<div class=\"post-thumbnail-wrap\">\n\t<div class=\"post-thumbnail\">\n\n\t\t\n\t\t<span class=\"fancy-categories\"><a href=\"https:\/\/publiaqp.com\/index.php\/category\/noticias-varios\/\" rel=\"category tag\" style=\"background-color:#;color:#;\">Noticias Varios<\/a><a href=\"https:\/\/publiaqp.com\/index.php\/category\/tecnologia-1\/\" rel=\"category tag\" style=\"background-color:#;color:#;\">Tecnologia<\/a><\/span>\n\t\t<a href=\"https:\/\/publiaqp.com\/index.php\/2020\/05\/18\/11-tipos-de-bicicleta-que-podrian-sustituir-al-automovil\/\" class=\"post-thumbnail-rollover layzr-bg layzr-bg\" ><img decoding=\"async\" class=\"blog-thumb-lazy-load preload-me lazy-load aspect\" src=\"data:image\/svg+xml,%3Csvg%20xmlns%3D&#39;http%3A%2F%2Fwww.w3.org%2F2000%2Fsvg&#39;%20viewBox%3D&#39;0%200%20859%20429&#39;%2F%3E\" data-src=\"https:\/\/publiaqp.com\/wp-content\/uploads\/2017\/03\/BicicletaElectrica1600-1024x683-portada-859x429.jpg\" data-srcset=\"https:\/\/publiaqp.com\/wp-content\/uploads\/2017\/03\/BicicletaElectrica1600-1024x683-portada-859x429.jpg 859w, https:\/\/publiaqp.com\/wp-content\/uploads\/2017\/03\/BicicletaElectrica1600-1024x683-portada-1024x511.jpg 1024w\" loading=\"eager\" style=\"--ratio: 859 \/ 429\" sizes=\"(max-width: 859px) 100vw, 859px\" alt=\"\" title=\"BicicletaElectrica1600-1024&#215;683 portada\" width=\"859\" height=\"429\"  \/><\/a>\n\t<\/div>\n<\/div>\n\n\n<div class=\"post-entry-content\">\n\n\t<h3 class=\"entry-title\">\n\t\t<a href=\"https:\/\/publiaqp.com\/index.php\/2020\/05\/18\/11-tipos-de-bicicleta-que-podrian-sustituir-al-automovil\/\" title=\"11 Tipos de bicicleta que podr\u00edan sustituir al autom\u00f3vil\" rel=\"bookmark\">11 Tipos de bicicleta que podr\u00edan sustituir al autom\u00f3vil<\/a>\n\t<\/h3>\n\n\t<div class=\"entry-meta\"><span class=\"category-link\"><a href=\"https:\/\/publiaqp.com\/index.php\/category\/noticias-varios\/\" >Noticias Varios<\/a>, <a href=\"https:\/\/publiaqp.com\/index.php\/category\/tecnologia-1\/\" >Tecnologia<\/a><\/span><a class=\"author vcard\" href=\"https:\/\/publiaqp.com\/index.php\/author\/admin\/\" title=\"Ver todas las publicaciones de publiaqp\" rel=\"author\">Por <span class=\"fn\">publiaqp<\/span><\/a><a href=\"https:\/\/publiaqp.com\/index.php\/2020\/05\/18\/\" title=\"06:00\" class=\"data-link\" rel=\"bookmark\"><time class=\"entry-date updated\" datetime=\"2020-05-18T06:00:56+00:00\">mayo 18, 2020<\/time><\/a><a href=\"https:\/\/publiaqp.com\/index.php\/2020\/05\/18\/11-tipos-de-bicicleta-que-podrian-sustituir-al-automovil\/#respond\" class=\"comment-link\" >Deja un comentario<\/a><\/div>\n\t<div class=\"entry-excerpt\"><p>[vc_row][vc_column][vc_column_text]En estos tiempos donde las bicicletas est\u00e1n siendo un medio de transporte seguro y ademas de econ\u00f3micas ya que estas pueden desplazarnos a donde queramos \u00bfcuanto nos costara ? solo un poco de sudor ademas de quemar calor\u00edas y ser saludables. Es cierto que la contaminaci\u00f3n no ayudara ya que estamos plagados del smok del&hellip;<\/p>\n<\/div>\n\t\n<a href=\"https:\/\/publiaqp.com\/index.php\/2020\/05\/18\/11-tipos-de-bicicleta-que-podrian-sustituir-al-automovil\/\" class=\"post-details details-type-link\" aria-label=\"Read more about 11 Tipos de bicicleta que podr\u00edan sustituir al autom\u00f3vil\">Read more<i class=\"dt-icon-the7-arrow-03\" aria-hidden=\"true\"><\/i><\/a>\n\n<\/div><\/article><article class=\"post project-odd visible post-15036 type-post status-publish format-standard has-post-thumbnail hentry category-tecnologia-1 tag-blogs tag-colchones tag-televisores tag-usadas tag-zapatillas category-26 description-off\" data-name=\"6 cosas de uso diario que NUNCA deber\u00edas comprar usadas\" data-date=\"2020-05-06T00:50:28+00:00\">\n\n<div class=\"post-thumbnail-wrap\">\n\t<div class=\"post-thumbnail\">\n\n\t\t\n\t\t<span class=\"fancy-categories\"><a href=\"https:\/\/publiaqp.com\/index.php\/category\/tecnologia-1\/\" rel=\"category tag\" style=\"background-color:#;color:#;\">Tecnologia<\/a><\/span>\n\t\t<a href=\"https:\/\/publiaqp.com\/index.php\/2020\/05\/06\/6-cosas-de-uso-diario-nunca-deberias-comprar-usadas\/\" class=\"post-thumbnail-rollover layzr-bg layzr-bg\" ><img decoding=\"async\" class=\"blog-thumb-lazy-load preload-me lazy-load aspect\" src=\"data:image\/svg+xml,%3Csvg%20xmlns%3D&#39;http%3A%2F%2Fwww.w3.org%2F2000%2Fsvg&#39;%20viewBox%3D&#39;0%200%20730%20364&#39;%2F%3E\" data-src=\"https:\/\/publiaqp.com\/wp-content\/uploads\/2017\/03\/venta-garage-730x364.jpeg\" data-srcset=\"https:\/\/publiaqp.com\/wp-content\/uploads\/2017\/03\/venta-garage-730x364.jpeg 730w\" loading=\"eager\" style=\"--ratio: 730 \/ 364\" sizes=\"(max-width: 730px) 100vw, 730px\" alt=\"\" title=\"venta garage\" width=\"730\" height=\"364\"  \/><\/a>\n\t<\/div>\n<\/div>\n\n\n<div class=\"post-entry-content\">\n\n\t<h3 class=\"entry-title\">\n\t\t<a href=\"https:\/\/publiaqp.com\/index.php\/2020\/05\/06\/6-cosas-de-uso-diario-nunca-deberias-comprar-usadas\/\" title=\"6 cosas de uso diario que NUNCA deber\u00edas comprar usadas\" rel=\"bookmark\">6 cosas de uso diario que NUNCA deber\u00edas comprar usadas<\/a>\n\t<\/h3>\n\n\t<div class=\"entry-meta\"><span class=\"category-link\"><a href=\"https:\/\/publiaqp.com\/index.php\/category\/tecnologia-1\/\" >Tecnologia<\/a><\/span><a class=\"author vcard\" href=\"https:\/\/publiaqp.com\/index.php\/author\/admin\/\" title=\"Ver todas las publicaciones de publiaqp\" rel=\"author\">Por <span class=\"fn\">publiaqp<\/span><\/a><a href=\"https:\/\/publiaqp.com\/index.php\/2020\/05\/06\/\" title=\"00:50\" class=\"data-link\" rel=\"bookmark\"><time class=\"entry-date updated\" datetime=\"2020-05-06T00:50:28+00:00\">mayo 6, 2020<\/time><\/a><a href=\"https:\/\/publiaqp.com\/index.php\/2020\/05\/06\/6-cosas-de-uso-diario-nunca-deberias-comprar-usadas\/#respond\" class=\"comment-link\" >Deja un comentario<\/a><\/div>\n\t<div class=\"entry-excerpt\"><p>Muchas veces, necesitamos alg\u00fan producto importante para la vida y el d\u00eda a d\u00eda, pero queremos comprarlo sin gastar tanto dinero, por lo que pensamos que la mejor opci\u00f3n es comprarlo usado, o sea, de segunda mano. Sin embargo, hacerlo de esta forma podr\u00eda traer consecuencias inesperadas y sobre todo negativas a mediano y largo&hellip;<\/p>\n<\/div>\n\t\n<a href=\"https:\/\/publiaqp.com\/index.php\/2020\/05\/06\/6-cosas-de-uso-diario-nunca-deberias-comprar-usadas\/\" class=\"post-details details-type-link\" aria-label=\"Read more about 6 cosas de uso diario que NUNCA deber\u00edas comprar usadas\">Read more<i class=\"dt-icon-the7-arrow-03\" aria-hidden=\"true\"><\/i><\/a>\n\n<\/div><\/article><article class=\"post project-odd visible post-15162 type-post status-publish format-standard has-post-thumbnail hentry category-tecnologia-1 category-26 description-off\" data-name=\"El iPhone 11 Baj\u00f3 de precio\" data-date=\"2017-03-21T12:51:56+00:00\">\n\n<div class=\"post-thumbnail-wrap\">\n\t<div class=\"post-thumbnail\">\n\n\t\t\n\t\t<span class=\"fancy-categories\"><a href=\"https:\/\/publiaqp.com\/index.php\/category\/tecnologia-1\/\" rel=\"category tag\" style=\"background-color:#;color:#;\">Tecnologia<\/a><\/span>\n\t\t<a href=\"https:\/\/publiaqp.com\/index.php\/2017\/03\/21\/el-iphone-11-bajo-de-precio\/\" class=\"post-thumbnail-rollover layzr-bg layzr-bg\" ><img decoding=\"async\" class=\"blog-thumb-lazy-load preload-me lazy-load aspect\" src=\"data:image\/svg+xml,%3Csvg%20xmlns%3D&#39;http%3A%2F%2Fwww.w3.org%2F2000%2Fsvg&#39;%20viewBox%3D&#39;0%200%20803%20401&#39;%2F%3E\" data-src=\"https:\/\/publiaqp.com\/wp-content\/uploads\/2013\/03\/iphone-11-amazon-oferta0-803x401.jpg\" data-srcset=\"https:\/\/publiaqp.com\/wp-content\/uploads\/2013\/03\/iphone-11-amazon-oferta0-803x401.jpg 803w, https:\/\/publiaqp.com\/wp-content\/uploads\/2013\/03\/iphone-11-amazon-oferta0-804x401.jpg 804w\" loading=\"eager\" style=\"--ratio: 803 \/ 401\" sizes=\"(max-width: 803px) 100vw, 803px\" alt=\"\" title=\"iphone-11-amazon-oferta0\" width=\"803\" height=\"401\"  \/><\/a>\n\t<\/div>\n<\/div>\n\n\n<div class=\"post-entry-content\">\n\n\t<h3 class=\"entry-title\">\n\t\t<a href=\"https:\/\/publiaqp.com\/index.php\/2017\/03\/21\/el-iphone-11-bajo-de-precio\/\" title=\"El iPhone 11 Baj\u00f3 de precio\" rel=\"bookmark\">El iPhone 11 Baj\u00f3 de precio<\/a>\n\t<\/h3>\n\n\t<div class=\"entry-meta\"><span class=\"category-link\"><a href=\"https:\/\/publiaqp.com\/index.php\/category\/tecnologia-1\/\" >Tecnologia<\/a><\/span><a class=\"author vcard\" href=\"https:\/\/publiaqp.com\/index.php\/author\/admin\/\" title=\"Ver todas las publicaciones de publiaqp\" rel=\"author\">Por <span class=\"fn\">publiaqp<\/span><\/a><a href=\"https:\/\/publiaqp.com\/index.php\/2017\/03\/21\/\" title=\"12:51\" class=\"data-link\" rel=\"bookmark\"><time class=\"entry-date updated\" datetime=\"2017-03-21T12:51:56+00:00\">marzo 21, 2017<\/time><\/a><a href=\"https:\/\/publiaqp.com\/index.php\/2017\/03\/21\/el-iphone-11-bajo-de-precio\/#respond\" class=\"comment-link\" >Deja un comentario<\/a><\/div>\n\t<div class=\"entry-excerpt\"><p>Conoce aqui donde comprarlo mas barato A la hora de comprar ese&nbsp; iPhone 11 que siempre has querido ha llegado, el precio de la \u00faltima versi\u00f3n de este tel\u00e9fono ha bajado much\u00edsimo para hacerlo m\u00e1s tentador y accesible. Si necesitas un celular nuevo \u00f3 renovar el que ya tienes, el precio del iPhone 11 esta&hellip;<\/p>\n<\/div>\n\t\n<a href=\"https:\/\/publiaqp.com\/index.php\/2017\/03\/21\/el-iphone-11-bajo-de-precio\/\" class=\"post-details details-type-link\" aria-label=\"Read more about El iPhone 11 Baj\u00f3 de precio\">Read more<i class=\"dt-icon-the7-arrow-03\" aria-hidden=\"true\"><\/i><\/a>\n\n<\/div><\/article><div class=\"paginator\" role=\"navigation\"><\/div><\/div>[\/vc_column][\/vc_row]\t\t\t\t\t\t\t\t<\/div>\n\t\t\t\t<\/div>\n\t\t\t\t\t<\/div>\n\t\t<\/div>\n\t\t\t\t\t<\/div>\n\t\t<\/section>\n\t\t\t\t<\/div>\n\t\t<\/div>","protected":false},"excerpt":{"rendered":"<p>[vc_row type=\u00bbvc_default\u00bb][vc_column][\/vc_column][\/vc_row]<\/p>\n","protected":false},"author":1,"featured_media":0,"parent":0,"menu_order":140,"comment_status":"closed","ping_status":"closed","template":"","meta":{"rop_custom_images_group":[],"rop_custom_messages_group":[],"rop_publish_now":"initial","rop_publish_now_accounts":{"facebook_327798758386745_2519225151434650":""},"rop_publish_now_history":[],"rop_publish_now_status":"pending","footnotes":""},"class_list":["post-14785","page","type-page","status-publish","hentry"],"_links":{"self":[{"href":"https:\/\/publiaqp.com\/index.php\/wp-json\/wp\/v2\/pages\/14785","targetHints":{"allow":["GET"]}}],"collection":[{"href":"https:\/\/publiaqp.com\/index.php\/wp-json\/wp\/v2\/pages"}],"about":[{"href":"https:\/\/publiaqp.com\/index.php\/wp-json\/wp\/v2\/types\/page"}],"author":[{"embeddable":true,"href":"https:\/\/publiaqp.com\/index.php\/wp-json\/wp\/v2\/users\/1"}],"replies":[{"embeddable":true,"href":"https:\/\/publiaqp.com\/index.php\/wp-json\/wp\/v2\/comments?post=14785"}],"version-history":[{"count":14,"href":"https:\/\/publiaqp.com\/index.php\/wp-json\/wp\/v2\/pages\/14785\/revisions"}],"predecessor-version":[{"id":15593,"href":"https:\/\/publiaqp.com\/index.php\/wp-json\/wp\/v2\/pages\/14785\/revisions\/15593"}],"wp:attachment":[{"href":"https:\/\/publiaqp.com\/index.php\/wp-json\/wp\/v2\/media?parent=14785"}],"curies":[{"name":"wp","href":"https:\/\/api.w.org\/{rel}","templated":true}]}}